{"id":428,"date":"2023-12-13T17:10:33","date_gmt":"2023-12-13T17:10:33","guid":{"rendered":"https:\/\/pajtakert.wpengine.com\/?page_id=428"},"modified":"2024-03-12T17:44:03","modified_gmt":"2024-03-12T17:44:03","slug":"adatvedelmi-szabalyzat","status":"publish","type":"page","link":"https:\/\/pajtakert.hu\/en\/adatvedelmi-szabalyzat\/","title":{"rendered":"Privacy Policy"},"content":{"rendered":"<div data-elementor-type=\"wp-page\" data-elementor-id=\"428\" class=\"elementor elementor-428\" data-elementor-post-type=\"page\">\n\t\t\t\t\t\t\t<div class=\"elementor-element elementor-element-30bcbee9 e-flex e-con-boxed e-con e-parent\" data-id=\"30bcbee9\" data-element_type=\"container\" data-settings=\"{&quot;container_type&quot;:&quot;flex&quot;,&quot;content_width&quot;:&quot;boxed&quot;}\" data-core-v316-plus=\"true\">\n\t\t\t\t\t<div class=\"e-con-inner\">\n\t\t\t\t<div class=\"elementor-element elementor-element-db49349 elementor-widget elementor-widget-text-editor\" data-id=\"db49349\" data-element_type=\"widget\" data-widget_type=\"text-editor.default\">\n\t\t\t\t<div class=\"elementor-widget-container\">\n\t\t\t<style>\/*! elementor - v3.18.0 - 08-12-2023 *\/\n.elementor-widget-text-editor.elementor-drop-cap-view-stacked .elementor-drop-cap{background-color:#69727d;color:#fff}.elementor-widget-text-editor.elementor-drop-cap-view-framed .elementor-drop-cap{color:#69727d;border:3px solid;background-color:transparent}.elementor-widget-text-editor:not(.elementor-drop-cap-view-default) .elementor-drop-cap{margin-top:8px}.elementor-widget-text-editor:not(.elementor-drop-cap-view-default) .elementor-drop-cap-letter{width:1em;height:1em}.elementor-widget-text-editor .elementor-drop-cap{float:left;text-align:center;line-height:1;font-size:50px}.elementor-widget-text-editor .elementor-drop-cap-letter{display:inline-block}<\/style>\t\t\t\t<!-- wp:heading {\"level\":1} --><!-- \/wp:heading --><!-- wp:paragraph -->\n<p>The ID KER Ltd. operates the website https:\/\/www.pajtakert.hu and considers the security of personal data obtained from the website usage as a matter of paramount importance. We place great emphasis on the protection of personal data, which is outlined in our privacy policy. Please be informed that you may voluntarily consent to the processing of your personal data by ID KER Ltd.<\/p>\n<!-- \/wp:paragraph --><!-- wp:paragraph -->\n<p><strong>Data Collection<\/strong><\/p>\n<!-- \/wp:paragraph --><!-- wp:paragraph -->\n<p>You can use our website without disclosing personal data. The use of our website does not require the provision of personal data, except when necessary to provide you with further information upon your request. When using our website, we store data on our servers for various security reasons. Such data may include the name of your Internet service provider, the name of the website you came from to our site, the websites you visit from our site, and your IP address.<\/p>\n<!-- \/wp:paragraph --><!-- wp:paragraph -->\n<p>These data may potentially be used to identify you, but we do not use them for such purposes. From time to time, we use the data for statistical purposes, but we maintain the anonymity of each user, so individuals cannot be identified.<\/p>\n<!-- \/wp:paragraph --><!-- wp:paragraph -->\n<p><strong>Collection and Processing of Personal Data<\/strong><\/p>\n<!-- \/wp:paragraph --><!-- wp:paragraph -->\n<p>Az \u00d6n szem\u00e9lyes adatai a ID KER Kft-n\u00e9l, mint adatkezel\u0151n\u00e9l maradnak. Szem\u00e9lyes adatait nem adjuk tov\u00e1bb harmadik f\u00e9l sz\u00e1m\u00e1ra, nem tov\u00e1bb\u00edtjuk az EGT \u00e1llamokon k\u00edv\u00fclre az \u00d6n kifejezett \u00edr\u00e1sos hozz\u00e1j\u00e1rul\u00e1sa n\u00e9lk\u00fcl semmilyen form\u00e1ban, kiv\u00e9ve, ha ezt jogszab\u00e1ly k\u00f6telez\u0151en el\u0151\u00edrja.<\/p>\n<!-- \/wp:paragraph --><!-- wp:paragraph -->\n<p><strong>Purposes of Use<\/strong><\/p>\n<!-- \/wp:paragraph --><!-- wp:paragraph -->\n<p>In the absence of differing mandatory legal provisions, we will use the data collected solely for providing the information requested by you or for other purposes authorized by you.<\/p>\n<!-- \/wp:paragraph --><!-- wp:paragraph -->\n<p><strong>Enforcement of Rights<\/strong><\/p>\n<!-- \/wp:paragraph --><!-- wp:paragraph -->\n<p>You can request information about the processing and storage of your personal data, as well as the identity of the current data processor, by sending an email to the contact email address provided in the Contact section or by sending a letter to the headquarters of ID KER Ltd. (Holl\u00f3k\u0151, R\u00e1k\u00f3czi \u00fat 15.). You are entitled to request the correction, modification, or deletion of your personal data provided to ID KER Ltd., and you may also revoke consent to data processing at any time.<\/p>\n<!-- \/wp:paragraph --><!-- wp:paragraph -->\n<p>You are entitled to revoke your consent for the future use and processing of your personal data at any time. To do so, you only need to send an email to the contact email address provided in the Contact section. If your rights regarding your personal data are violated, you have the right to appeal to the competent court.<\/p>\n<!-- \/wp:paragraph --><!-- wp:paragraph -->\n<p><strong>Data Storage<\/strong><\/p>\n<!-- \/wp:paragraph --><!-- wp:paragraph -->\n<p>We only store your personal data for as long as it is necessary to provide the service you requested or for the duration you have consented to, unless otherwise required by law. If the processing of the personal data you provided is necessary for the performance of the service requested by you, ID KER Ltd. will process it until the service is provided or for the period specified by law.<\/p>\n<!-- \/wp:paragraph --><!-- wp:paragraph -->\n<p><strong>Safety<\/strong><\/p>\n<!-- \/wp:paragraph --><!-- wp:paragraph -->\n<p>ID KER Ltd. protects your data with technical and organizational security measures to prevent alteration, damage, destruction, or unauthorized access by third parties. All personal data provided to ID KER Ltd. is encrypted during transmission to prevent potential abuse by any third party. We continuously review our security measures in line with new technological developments.<\/p>\n<!-- \/wp:paragraph --><!-- wp:paragraph -->\n<p><strong>Children<\/strong><\/p>\n<!-- \/wp:paragraph --><!-- wp:paragraph -->\n<p>The protection of children's personal data is of paramount importance to us. Therefore, we do not knowingly collect, process, or use data from individuals under the age of 18 on our website without the prior, verifiable consent of their legal guardian. The legal guardian has the right to request access to the information provided by the child and\/or to request its deletion.<\/p>\n<!-- \/wp:paragraph --><!-- wp:paragraph -->\n<p><strong>Contact Information<\/strong><\/p>\n<!-- \/wp:paragraph --><!-- wp:paragraph -->\n<p>If you have any questions, suggestions, or complaints, please contact ID KER Ltd. at any of the contact details provided in the Contact section. Due to the continuous development of the Internet, we may need to modify our privacy statement from time to time. We reserve the right to make unilateral changes if necessary.<\/p>\n<!-- \/wp:paragraph -->\t\t\t\t\t\t<\/div>\n\t\t\t\t<\/div>\n\t\t\t\t\t<\/div>\n\t\t\t\t<\/div>\n\t\t\t\t\t\t\t<\/div>","protected":false},"excerpt":{"rendered":"<p>A\u00a0https:\/\/www.pajtakert.hu weboldalt m\u0171k\u00f6dtet\u0151 ID KER Kft. kiemelten fontos k\u00e9rd\u00e9sk\u00e9nt kezeli a honlap haszn\u00e1lat\u00e1b\u00f3l sz\u00e1rmaz\u00f3 szem\u00e9lyes adatok biztons\u00e1g\u00e1t. Szem\u00e9lyes adatainak v\u00e9delm\u00e9re fokozott hangs\u00falyt fektet\u00fcnk. A jelen adatv\u00e9delmi nyilatkozatban r\u00f6gz\u00edtj\u00fck az ilyen adatok kezel\u00e9s\u00e9re vonatkoz\u00f3 tudnival\u00f3kat. T\u00e1j\u00e9koztatjuk, hogy szem\u00e9lyes adatainak kezel\u00e9s\u00e9hez \u00f6nk\u00e9ntesen megadhatja a ID KER Kft. sz\u00e1m\u00e1ra a hozz\u00e1j\u00e1rul\u00e1s\u00e1t. Adatok gy\u0171jt\u00e9se Honlapunkat szem\u00e9lyes adatai felfed\u00e9se n\u00e9lk\u00fcl [&hellip;]<\/p>","protected":false},"author":2,"featured_media":0,"parent":0,"menu_order":0,"comment_status":"closed","ping_status":"closed","template":"","meta":{"footnotes":""},"class_list":["post-428","page","type-page","status-publish","hentry"],"acf":[],"yoast_head":"<!-- This site is optimized with the Yoast SEO plugin v21.7 - https:\/\/yoast.com\/wordpress\/plugins\/seo\/ -->\n<title>Adatv\u00e9delmi Szab\u00e1lyzat - Pajtakert<\/title>\n<meta name=\"description\" content=\"Adatv\u00e9delmi szab\u00e1lyzat - Pajtakert Programiroda Adatv\u00e9delmi szab\u00e1lyzat\u00e1nak ir\u00e1nyelvei a szem\u00e9lyes adatok biztons\u00e1g\u00e1nak garant\u00e1l\u00e1s\u00e1ra\" \/>\n<meta name=\"robots\" content=\"index, follow, max-snippet:-1, max-image-preview:large, max-video-preview:-1\" \/>\n<link rel=\"canonical\" href=\"https:\/\/pajtakert.hu\/en\/adatvedelmi-szabalyzat\/\" \/>\n<meta property=\"og:locale\" content=\"en_GB\" \/>\n<meta property=\"og:type\" content=\"article\" \/>\n<meta property=\"og:title\" content=\"Adatv\u00e9delmi Szab\u00e1lyzat - Pajtakert\" \/>\n<meta property=\"og:description\" content=\"Adatv\u00e9delmi szab\u00e1lyzat - Pajtakert Programiroda Adatv\u00e9delmi szab\u00e1lyzat\u00e1nak ir\u00e1nyelvei a szem\u00e9lyes adatok biztons\u00e1g\u00e1nak garant\u00e1l\u00e1s\u00e1ra\" \/>\n<meta property=\"og:url\" content=\"https:\/\/pajtakert.hu\/en\/adatvedelmi-szabalyzat\/\" \/>\n<meta property=\"og:site_name\" content=\"Pajtakert\" \/>\n<meta property=\"article:publisher\" content=\"https:\/\/www.facebook.com\/profile.php?id=100057282676387\" \/>\n<meta property=\"article:modified_time\" content=\"2024-03-12T17:44:03+00:00\" \/>\n<meta property=\"og:image\" content=\"https:\/\/pajtakert.hu\/wp-content\/uploads\/2023\/08\/Pajtakert-Programiroda-Logo.png\" \/>\n\t<meta property=\"og:image:width\" content=\"310\" \/>\n\t<meta property=\"og:image:height\" content=\"70\" \/>\n\t<meta property=\"og:image:type\" content=\"image\/png\" \/>\n<meta name=\"twitter:card\" content=\"summary_large_image\" \/>\n<meta name=\"twitter:label1\" content=\"Estimated reading time\" \/>\n\t<meta name=\"twitter:data1\" content=\"3 minutes\" \/>\n<script type=\"application\/ld+json\" class=\"yoast-schema-graph\">{\"@context\":\"https:\/\/schema.org\",\"@graph\":[{\"@type\":\"WebPage\",\"@id\":\"https:\/\/pajtakert.hu\/adatvedelmi-szabalyzat\/\",\"url\":\"https:\/\/pajtakert.hu\/adatvedelmi-szabalyzat\/\",\"name\":\"Adatv\u00e9delmi Szab\u00e1lyzat - Pajtakert\",\"isPartOf\":{\"@id\":\"https:\/\/pajtakert.hu\/#website\"},\"datePublished\":\"2023-12-13T17:10:33+00:00\",\"dateModified\":\"2024-03-12T17:44:03+00:00\",\"description\":\"Adatv\u00e9delmi szab\u00e1lyzat - Pajtakert Programiroda Adatv\u00e9delmi szab\u00e1lyzat\u00e1nak ir\u00e1nyelvei a szem\u00e9lyes adatok biztons\u00e1g\u00e1nak garant\u00e1l\u00e1s\u00e1ra\",\"breadcrumb\":{\"@id\":\"https:\/\/pajtakert.hu\/adatvedelmi-szabalyzat\/#breadcrumb\"},\"inLanguage\":\"en-GB\",\"potentialAction\":[{\"@type\":\"ReadAction\",\"target\":[\"https:\/\/pajtakert.hu\/adatvedelmi-szabalyzat\/\"]}]},{\"@type\":\"BreadcrumbList\",\"@id\":\"https:\/\/pajtakert.hu\/adatvedelmi-szabalyzat\/#breadcrumb\",\"itemListElement\":[{\"@type\":\"ListItem\",\"position\":1,\"name\":\"Home\",\"item\":\"https:\/\/pajtakert.hu\/\"},{\"@type\":\"ListItem\",\"position\":2,\"name\":\"Adatv\u00e9delmi Szab\u00e1lyzat\"}]},{\"@type\":\"WebSite\",\"@id\":\"https:\/\/pajtakert.hu\/#website\",\"url\":\"https:\/\/pajtakert.hu\/\",\"name\":\"Pajtakert Programiroda - Holl\u00f3k\u0151\",\"description\":\"Holl\u00f3k\u0151i programok szervez\u00e9se\",\"publisher\":{\"@id\":\"https:\/\/pajtakert.hu\/#organization\"},\"alternateName\":\"Pajtakert\",\"potentialAction\":[{\"@type\":\"SearchAction\",\"target\":{\"@type\":\"EntryPoint\",\"urlTemplate\":\"https:\/\/pajtakert.hu\/?s={search_term_string}\"},\"query-input\":\"required name=search_term_string\"}],\"inLanguage\":\"en-GB\"},{\"@type\":\"Organization\",\"@id\":\"https:\/\/pajtakert.hu\/#organization\",\"name\":\"Pajtakert Programiroda - Holl\u00f3k\u0151\",\"alternateName\":\"Pajtakert Programiroda - Holl\u00f3k\u0151\",\"url\":\"https:\/\/pajtakert.hu\/\",\"logo\":{\"@type\":\"ImageObject\",\"inLanguage\":\"en-GB\",\"@id\":\"https:\/\/pajtakert.hu\/#\/schema\/logo\/image\/\",\"url\":\"https:\/\/pajtakert.hu\/wp-content\/uploads\/2023\/08\/cropped-Logo-horizontal.png\",\"contentUrl\":\"https:\/\/pajtakert.hu\/wp-content\/uploads\/2023\/08\/cropped-Logo-horizontal.png\",\"width\":624,\"height\":143,\"caption\":\"Pajtakert Programiroda - Holl\u00f3k\u0151\"},\"image\":{\"@id\":\"https:\/\/pajtakert.hu\/#\/schema\/logo\/image\/\"},\"sameAs\":[\"https:\/\/www.facebook.com\/profile.php?id=100057282676387\",\"https:\/\/www.instagram.com\/pajtakert_programiroda\/\",\"https:\/\/www.tripadvisor.com\/Trips\/128507903#\/Tab\/Itinerary\"]}]}<\/script>\n<!-- \/ Yoast SEO plugin. -->","yoast_head_json":{"title":"Adatv\u00e9delmi Szab\u00e1lyzat - Pajtakert","description":"Adatv\u00e9delmi szab\u00e1lyzat - Pajtakert Programiroda Adatv\u00e9delmi szab\u00e1lyzat\u00e1nak ir\u00e1nyelvei a szem\u00e9lyes adatok biztons\u00e1g\u00e1nak garant\u00e1l\u00e1s\u00e1ra","robots":{"index":"index","follow":"follow","max-snippet":"max-snippet:-1","max-image-preview":"max-image-preview:large","max-video-preview":"max-video-preview:-1"},"canonical":"https:\/\/pajtakert.hu\/en\/adatvedelmi-szabalyzat\/","og_locale":"en_GB","og_type":"article","og_title":"Adatv\u00e9delmi Szab\u00e1lyzat - Pajtakert","og_description":"Adatv\u00e9delmi szab\u00e1lyzat - Pajtakert Programiroda Adatv\u00e9delmi szab\u00e1lyzat\u00e1nak ir\u00e1nyelvei a szem\u00e9lyes adatok biztons\u00e1g\u00e1nak garant\u00e1l\u00e1s\u00e1ra","og_url":"https:\/\/pajtakert.hu\/en\/adatvedelmi-szabalyzat\/","og_site_name":"Pajtakert","article_publisher":"https:\/\/www.facebook.com\/profile.php?id=100057282676387","article_modified_time":"2024-03-12T17:44:03+00:00","og_image":[{"width":310,"height":70,"url":"https:\/\/pajtakert.hu\/wp-content\/uploads\/2023\/08\/Pajtakert-Programiroda-Logo.png","type":"image\/png"}],"twitter_card":"summary_large_image","twitter_misc":{"Estimated reading time":"3 minutes"},"schema":{"@context":"https:\/\/schema.org","@graph":[{"@type":"WebPage","@id":"https:\/\/pajtakert.hu\/adatvedelmi-szabalyzat\/","url":"https:\/\/pajtakert.hu\/adatvedelmi-szabalyzat\/","name":"Adatv\u00e9delmi Szab\u00e1lyzat - Pajtakert","isPartOf":{"@id":"https:\/\/pajtakert.hu\/#website"},"datePublished":"2023-12-13T17:10:33+00:00","dateModified":"2024-03-12T17:44:03+00:00","description":"Adatv\u00e9delmi szab\u00e1lyzat - Pajtakert Programiroda Adatv\u00e9delmi szab\u00e1lyzat\u00e1nak ir\u00e1nyelvei a szem\u00e9lyes adatok biztons\u00e1g\u00e1nak garant\u00e1l\u00e1s\u00e1ra","breadcrumb":{"@id":"https:\/\/pajtakert.hu\/adatvedelmi-szabalyzat\/#breadcrumb"},"inLanguage":"en-GB","potentialAction":[{"@type":"ReadAction","target":["https:\/\/pajtakert.hu\/adatvedelmi-szabalyzat\/"]}]},{"@type":"BreadcrumbList","@id":"https:\/\/pajtakert.hu\/adatvedelmi-szabalyzat\/#breadcrumb","itemListElement":[{"@type":"ListItem","position":1,"name":"Home","item":"https:\/\/pajtakert.hu\/"},{"@type":"ListItem","position":2,"name":"Adatv\u00e9delmi Szab\u00e1lyzat"}]},{"@type":"WebSite","@id":"https:\/\/pajtakert.hu\/#website","url":"https:\/\/pajtakert.hu\/","name":"Pajtakert Programiroda - Holl\u00f3k\u0151","description":"Holl\u00f3k\u0151i programok szervez\u00e9se","publisher":{"@id":"https:\/\/pajtakert.hu\/#organization"},"alternateName":"Pajtakert","potentialAction":[{"@type":"SearchAction","target":{"@type":"EntryPoint","urlTemplate":"https:\/\/pajtakert.hu\/?s={search_term_string}"},"query-input":"required name=search_term_string"}],"inLanguage":"en-GB"},{"@type":"Organization","@id":"https:\/\/pajtakert.hu\/#organization","name":"Pajtakert Programiroda - Holl\u00f3k\u0151","alternateName":"Pajtakert Programiroda - Holl\u00f3k\u0151","url":"https:\/\/pajtakert.hu\/","logo":{"@type":"ImageObject","inLanguage":"en-GB","@id":"https:\/\/pajtakert.hu\/#\/schema\/logo\/image\/","url":"https:\/\/pajtakert.hu\/wp-content\/uploads\/2023\/08\/cropped-Logo-horizontal.png","contentUrl":"https:\/\/pajtakert.hu\/wp-content\/uploads\/2023\/08\/cropped-Logo-horizontal.png","width":624,"height":143,"caption":"Pajtakert Programiroda - Holl\u00f3k\u0151"},"image":{"@id":"https:\/\/pajtakert.hu\/#\/schema\/logo\/image\/"},"sameAs":["https:\/\/www.facebook.com\/profile.php?id=100057282676387","https:\/\/www.instagram.com\/pajtakert_programiroda\/","https:\/\/www.tripadvisor.com\/Trips\/128507903#\/Tab\/Itinerary"]}]}},"featured_image_src":null,"featured_image_src_square":null,"_links":{"self":[{"href":"https:\/\/pajtakert.hu\/en\/wp-json\/wp\/v2\/pages\/428","targetHints":{"allow":["GET"]}}],"collection":[{"href":"https:\/\/pajtakert.hu\/en\/wp-json\/wp\/v2\/pages"}],"about":[{"href":"https:\/\/pajtakert.hu\/en\/wp-json\/wp\/v2\/types\/page"}],"author":[{"embeddable":true,"href":"https:\/\/pajtakert.hu\/en\/wp-json\/wp\/v2\/users\/2"}],"replies":[{"embeddable":true,"href":"https:\/\/pajtakert.hu\/en\/wp-json\/wp\/v2\/comments?post=428"}],"version-history":[{"count":0,"href":"https:\/\/pajtakert.hu\/en\/wp-json\/wp\/v2\/pages\/428\/revisions"}],"wp:attachment":[{"href":"https:\/\/pajtakert.hu\/en\/wp-json\/wp\/v2\/media?parent=428"}],"curies":[{"name":"wp","href":"https:\/\/api.w.org\/{rel}","templated":true}]}}